{"id":3,"date":"2024-12-06T03:04:36","date_gmt":"2024-12-06T03:04:36","guid":{"rendered":"https:\/\/blog.sapsc.mx\/?page_id=3"},"modified":"2024-12-06T16:07:55","modified_gmt":"2024-12-06T16:07:55","slug":"privacy-policy","status":"publish","type":"page","link":"https:\/\/blog.sapsc.mx\/index.php\/privacy-policy\/","title":{"rendered":"Aviso de Privacidad"},"content":{"rendered":"\n<h3 class=\"wp-block-heading\">Responsable de la protecci\u00f3n de sus datos personales<\/h3>\n\n\n\n<p><strong>SISTEMA ADUANAL PROFESIONAL S.C<\/strong>, empresa legalmente constituida de&nbsp; conformidad con las leyes mexicanas, con domicilio ubicado en Sporting No. 71 esq. Xicot\u00e9ncatl, Col. Ricardo Flores Mag\u00f3n, C.P. 91900, Veracruz, Veracruz.; y como responsable del tratamiento de sus datos personales, hace de su conocimiento que los datos de nuestros clientes son tratados con estricta confidencialidad.<\/p>\n\n\n\n<h3 class=\"wp-block-heading\">Departamento responsable<\/h3>\n\n\n\n<p>El departamento jur\u00eddico, es el \u00e1rea designada por<strong>&nbsp;SISTEMA ADUANAL PROFESIONAL S.C.,<\/strong>&nbsp;encargada de la seguridad de sus datos personales para que \u00e9stos sean tratados de acuerdo a la legislaci\u00f3n aplicable y vigente en el pa\u00eds.<\/p>\n\n\n\n<h3 class=\"wp-block-heading\">Fines del uso de datos personales y el porque recabamos su&nbsp; informaci\u00f3n<\/h3>\n\n\n\n<p>Los fines por los que se recaba la informaci\u00f3n de los clientes mediante los documentos son principalmente para llevar a cabo el despacho aduanero de mercanc\u00edas; la formaci\u00f3n de su respectivo expediente, y verificar la legal existencia de nuestros clientes.<\/p>\n\n\n\n<h3 class=\"wp-block-heading\">Identificaci\u00f3n de datos personalese informaci\u00f3n y su procedencia<\/h3>\n\n\n\n<p>La identificaci\u00f3n de los datos personales se har\u00e1 mediante la documentaci\u00f3n fiscal requerida para el alta en nuestro sistema, la cual deber\u00e1 ser proporcionada antes&nbsp; de efectuar el despacho aduanero de sus mercanc\u00edas, y a trav\u00e9s de los documentos establecidos en el art\u00edculo 36 de la ley aduanera.<\/p>\n\n\n\n<h3 class=\"wp-block-heading\">Consentimiento<\/h3>\n\n\n\n<p>El tratamiento de los datos personales y de la informaci\u00f3n recabada&nbsp; ser\u00e1 el que resulte necesario, adecuado y relevante en relaci\u00f3n con las finalidades previstas en el presente documento, previo consentimiento del titular de los datos, constando \u00e9ste de manera t\u00e1cita, de acuerdo a lo indicado en el Articulo 8 de la Ley Federal de Datos Personales en Posesi\u00f3n de los Particulares.<\/p>\n\n\n\n<h3 class=\"wp-block-heading\">Procedimiento para limitar el uso o divulgaci\u00f3n de sus datos personales<\/h3>\n\n\n\n<p><strong>SISTEMA ADUANAL PROFESIONAL S.C<\/strong>.&nbsp; se compromete a conservar&nbsp; los datos personales del titular \u00fanicamente durante los plazos establecidos por la ley aduanera y la dem\u00e1s legislaci\u00f3n aplicable, transcurrido ese plazo el titular podr\u00e1 solicitar la revocaci\u00f3n del consentimiento al tratamiento de sus datos personales.<br>La solicitud deber\u00e1 contener:<\/p>\n\n\n\n<ul class=\"wp-block-list\">\n<li>El nombre del titular, domicilio y direcciones de email para comunicar la respuesta de su solicitud.<\/li>\n\n\n\n<li>Los documentos que acrediten la identidad, o en su caso la representaci\u00f3n legal del titular.<\/li>\n\n\n\n<li>La descripci\u00f3n clara y precisa de los datos personales respecto de los cuales quiere limitar su uso o divulgaci\u00f3n.<\/li>\n\n\n\n<li>Cualquier otro elemento o documento que facilite la localizaci\u00f3n de los datos personales correspondientes.<\/li>\n<\/ul>\n\n\n\n<p>La solicitud deber\u00e1 ser entregada en las oficinas de&nbsp;<strong>SISTEMA ADUANAL PROFESIONAL S.C.&nbsp;<\/strong>directamente con el Depto. Legal.<\/p>\n\n\n\n<p>Una vez recibida la solicitud de limitaci\u00f3n al uso o divulgaci\u00f3n de los datos personales, se tendr\u00e1 un plazo m\u00e1ximo de veinte d\u00edas h\u00e1biles para resolver la petici\u00f3n de m\u00e9rito; misma que har\u00e1 efectiva en un t\u00e9rmino m\u00e1ximo de quince d\u00edas h\u00e1biles, contados a partir de la fecha en que se comunic\u00f3 al titular la respuesta.<\/p>\n\n\n\n<h3 class=\"wp-block-heading\">Acceso, Rectificaci\u00f3n, Cancelaci\u00f3n u Oposici\u00f3n al uso&nbsp; de datos &nbsp;personales (DERECHOS ARCO)<\/h3>\n\n\n\n<p>El titular puede solicitar a&nbsp;<strong>SISTEMA ADUANAL PROFESIONAL S.C<\/strong>. el acceso a sus datos personales que \u00e9sta posee, as\u00ed como a los detalles del tratamiento de los mismos, a la rectificaci\u00f3n en caso de ser inexactos o incompletos; cancelarlos cuando se considere que no se requieren para alguna de las finalidades se\u00f1aladas en el presente aviso de privacidad o est\u00e9n siendo utilizados para finalidades no consentidas o haya finalizado la relaci\u00f3n contractual o de servicio, o bien, oponerse al tratamiento de los mismos para fines espec\u00edficos, siguiendo el procedimiento establecido para el efecto, que a continuaci\u00f3n se enuncia como sigue:<br>La solicitud deber\u00e1 constar con la siguiente informaci\u00f3n:<\/p>\n\n\n\n<ul class=\"wp-block-list\">\n<li>El nombre del titular, domicilio y direcciones de email para comunicar la respuesta de su solicitud.<\/li>\n\n\n\n<li>Los documentos que acrediten la identidad, o en su caso la representaci\u00f3n legal del titular.<\/li>\n\n\n\n<li>La descripci\u00f3n clara y precisa de los datos personales respecto de los cuales quiere limitar su uso o divulgaci\u00f3n.<\/li>\n\n\n\n<li>Cualquier otro elemento o documento que facilite la localizaci\u00f3n de los datos personales correspondientes.<\/li>\n\n\n\n<li>La solicitud deber\u00e1 ser entregada en las oficinas de\u00a0<strong>SISTEMA ADUANAL PROFESIONAL S.C.<\/strong>\u00a0 directamente con el Depto. De Legal o bien puede enviar un correo a la direcci\u00f3n:\u00a0<a href=\"mailto:privacidad@asj.com.mx\">privacidad@asj.com.mx<\/a><\/li>\n<\/ul>\n\n\n\n<p>Una vez recibida la solicitud de limitaci\u00f3n al uso o divulgaci\u00f3n de los datos personales, el Departamento Legal, tendr\u00e1 un plazo m\u00e1ximo de veinte d\u00edas h\u00e1biles para resolver la petici\u00f3n de m\u00e9rito; misma que har\u00e1 efectiva en un t\u00e9rmino m\u00e1ximo de quince d\u00edas h\u00e1biles, contados a partir de la fecha en que se comunic\u00f3 al titular la respuesta.<\/p>\n\n\n\n<p>El procedimiento antes descrito, es gratuito; salvo los gastos justificados de env\u00edo (paqueter\u00eda) que se llegaren a ameritar, los cuales correr\u00e1n a cargo del titular.<\/p>\n\n\n\n<h3 class=\"wp-block-heading\">Procedimiento para revocar el consentimiento para el tratamiento de los datos personales<\/h3>\n\n\n\n<p>El titular puede solicitar a&nbsp;<strong>SISTEMA ADUANAL PROFESIONAL S.C<\/strong>. la revocaci\u00f3n del consentimiento otorgado para el tratamiento de sus datos personales, a fin de que se dejen de usar los mismos &nbsp;siguiendo el procedimiento establecido para el efecto, que a continuaci\u00f3n se enuncia como sigue:<br>La solicitud deber\u00e1 incluir:<\/p>\n\n\n\n<ul class=\"wp-block-list\">\n<li>El nombre del titular, domicilio y direcciones de email para comunicar la respuesta de su solicitud.<\/li>\n\n\n\n<li>Los documentos que acrediten la identidad, o en su caso la representaci\u00f3n legal del titular.<\/li>\n\n\n\n<li>La descripci\u00f3n clara y precisa de los datos personales respecto de los cuales quiere limitar su uso o divulgaci\u00f3n.<\/li>\n\n\n\n<li>Cualquier otro elemento o documento que facilite la localizaci\u00f3n de los datos personales correspondientes.<\/li>\n\n\n\n<li>La solicitud deber\u00e1 ser entregada en las oficinas de\u00a0<strong>SISTEMA ADUANAL PROFESIONAL S.C.<\/strong>\u00a0directamente con el Depto. Legal, o bien puede enviar un correo a la direcci\u00f3n:\u00a0<a href=\"mailto:privacidad@asj.com.mx\">privacidad@asj.com.mx<\/a><\/li>\n<\/ul>\n\n\n\n<p>Una vez recibida la solicitud de limitaci\u00f3n al uso o divulgaci\u00f3n de los datos personales, el Departamento Legal, tendr\u00e1 un plazo m\u00e1ximo de veinte d\u00edas h\u00e1biles para resolver la petici\u00f3n de m\u00e9rito; misma que har\u00e1 efectiva en un t\u00e9rmino m\u00e1ximo de quince d\u00edas h\u00e1biles, contados a partir de la fecha en que se comunic\u00f3 al titular la respuesta.<\/p>\n\n\n\n<p>El procedimiento antes descrito, es gratuito; salvo los gastos justificados de env\u00edo (paqueter\u00eda) que se llegaren a ameritar, los cuales correr\u00e1n a cargo del titular.<\/p>\n\n\n\n<h3 class=\"wp-block-heading\">Transferencia de datos personales<\/h3>\n\n\n\n<p><strong>SISTEMA ADUANAL PROFESIONAL S.C<\/strong>. solo dar\u00e1 a conocer informaci\u00f3n a terceros bajo las siguientes circunstancias:<\/p>\n\n\n\n<ul class=\"wp-block-list\">\n<li>Seg\u00fan lo establecido por la ley vigente.<\/li>\n\n\n\n<li>Cuando as\u00ed lo autorice el titular de los datos.<\/li>\n\n\n\n<li>Y a requerimiento de las Autoridades competentes.<\/li>\n<\/ul>\n\n\n\n<h3 class=\"wp-block-heading\">Modificaciones al aviso de privacidad<\/h3>\n\n\n\n<p><strong>SISTEMA ADUANAL PROFESIONAL S.C<\/strong>. se reserva el derecho de efectuar en cualquier momento modificaciones o actualizaci\u00f3n al presente aviso de privacidad, derivado de novedades legislativas, pol\u00edticas internas o nuevos requerimientos para la prestaci\u00f3n u ofrecimiento de nuestro servicio. Dichas modificaciones estar\u00e1n disponibles al p\u00fablico a trav\u00e9s del siguiente medio:<\/p>\n\n\n\n<p>A) Nuestra p\u00e1gina de internet:\u00a0<a href=\"http:\/\/www.sap.asj.com.mx\/index.php\/avisodeprivacidad\">www.sapsc.mx\/avisodeprivacidad<\/a><\/p>\n\n\n\n<h3 class=\"wp-block-heading\">Quejas y denuncias por el tratamiento indebido de sus datos personales<\/h3>\n\n\n\n<p>Si el titular considera que sus derechos de protecci\u00f3n de datos personales han sido lesionados por alguna conducta imputable a&nbsp;<strong>SISTEMA ADUANAL PROFESIONAL S.C.<\/strong>&nbsp;que deriven directamente en una vulneraci\u00f3n a las disposiciones previstas en la Ley Federal de Protecci\u00f3n de Datos Personales en Posesi\u00f3n de los Particulares, se podr\u00e1 interponer la queja o denuncia correspondiente en el Instituto Federal de Acceso a la Informaci\u00f3n P\u00fablica (IFAI), para mayor informaci\u00f3n visite&nbsp;<a href=\"http:\/\/www.pages04.net\/comercializadoratekreasa\/aviso_privacidad\/LPT.url?kn=426780&amp;vs=MTE0M2UzYjAtYWNhOS00ZGEyLThlM2EtM2RmOGZmNWIzMTYzOzA6NDA3MTE5MjU6MjkxODEx.NTA3MzQ6MTcxMzQxMjM2OjE3MTM0MTIzNzsS1\" target=\"_blank\" rel=\"noreferrer noopener\">www.ifai.org.mx<\/a><\/p>\n\n\n\n<ul class=\"wp-block-list\">\n<li><\/li>\n<\/ul>\n","protected":false},"excerpt":{"rendered":"<p>Responsable de la protecci\u00f3n de sus datos personales SISTEMA ADUANAL PROFESIONAL S.C, empresa legalmente constituida de&nbsp; conformidad con las leyes mexicanas, con domicilio ubicado en Sporting No. 71 esq. Xicot\u00e9ncatl, [&hellip;]<\/p>\n","protected":false},"author":1,"featured_media":0,"parent":0,"menu_order":0,"comment_status":"closed","ping_status":"open","template":"","meta":{"footnotes":""},"class_list":["post-3","page","type-page","status-publish","hentry","bwp-blog-post","bwp-masonry-item","bwp-col-3","bwp-no-featured-media","bwp-post-has-title"],"_links":{"self":[{"href":"https:\/\/blog.sapsc.mx\/index.php\/wp-json\/wp\/v2\/pages\/3","targetHints":{"allow":["GET"]}}],"collection":[{"href":"https:\/\/blog.sapsc.mx\/index.php\/wp-json\/wp\/v2\/pages"}],"about":[{"href":"https:\/\/blog.sapsc.mx\/index.php\/wp-json\/wp\/v2\/types\/page"}],"author":[{"embeddable":true,"href":"https:\/\/blog.sapsc.mx\/index.php\/wp-json\/wp\/v2\/users\/1"}],"replies":[{"embeddable":true,"href":"https:\/\/blog.sapsc.mx\/index.php\/wp-json\/wp\/v2\/comments?post=3"}],"version-history":[{"count":1,"href":"https:\/\/blog.sapsc.mx\/index.php\/wp-json\/wp\/v2\/pages\/3\/revisions"}],"predecessor-version":[{"id":47,"href":"https:\/\/blog.sapsc.mx\/index.php\/wp-json\/wp\/v2\/pages\/3\/revisions\/47"}],"wp:attachment":[{"href":"https:\/\/blog.sapsc.mx\/index.php\/wp-json\/wp\/v2\/media?parent=3"}],"curies":[{"name":"wp","href":"https:\/\/api.w.org\/{rel}","templated":true}]}}